{"id":390,"date":"2018-12-21T10:13:31","date_gmt":"2018-12-21T07:13:31","guid":{"rendered":"http:\/\/www.nadirhastaliklar.org.tr\/eng\/?page_id=390"},"modified":"2018-12-21T10:18:38","modified_gmt":"2018-12-21T07:18:38","slug":"home-2","status":"publish","type":"page","link":"https:\/\/www.nadirhastaliklar.org.tr\/eng\/home-2\/","title":{"rendered":"Home"},"content":{"rendered":"<div id='layer_slider_1' class='avia-layerslider main_color avia-shadow  container_wrap sidebar_right'    style='height: 245px;' ><\/div>\n<div class='template-blog  av-blog-meta-author-disabled av-blog-meta-comments-disabled av-blog-meta-category-disabled av-blog-meta-date-disabled'  itemscope=\"itemscope\" itemtype=\"https:\/\/schema.org\/Blog\" ><article class='post-entry post-entry-type-standard post-entry-197 post-loop-1 post-parity-odd single-small with-slider post-197 post type-post status-publish format-standard has-post-thumbnail hentry category-duyurular'  itemscope=\"itemscope\" itemtype=\"https:\/\/schema.org\/BlogPosting\" ><div class='blog-meta'><a href='https:\/\/www.nadirhastaliklar.org.tr\/eng\/duyurular\/i-ankara-saglik-hukuku-gunleri\/' class='small-preview' title='1st ANKARA HEALTH LAW DAYS'><img width=\"180\" height=\"180\" src=\"https:\/\/www.nadirhastaliklar.org.tr\/eng\/wp-content\/uploads\/2018\/05\/health_law_reporter_banner-180x180.jpg\" class=\"attachment-square size-square wp-post-image\" alt=\"\" decoding=\"async\" loading=\"lazy\" srcset=\"https:\/\/www.nadirhastaliklar.org.tr\/eng\/wp-content\/uploads\/2018\/05\/health_law_reporter_banner-180x180.jpg 180w, https:\/\/www.nadirhastaliklar.org.tr\/eng\/wp-content\/uploads\/2018\/05\/health_law_reporter_banner-80x80.jpg 80w, https:\/\/www.nadirhastaliklar.org.tr\/eng\/wp-content\/uploads\/2018\/05\/health_law_reporter_banner-36x36.jpg 36w, https:\/\/www.nadirhastaliklar.org.tr\/eng\/wp-content\/uploads\/2018\/05\/health_law_reporter_banner-120x120.jpg 120w\" sizes=\"(max-width: 180px) 100vw, 180px\" \/><span class=\"iconfont\" aria-hidden='true' data-av_icon='\ue836' data-av_iconfont='entypo-fontello'><\/span><\/a><\/div><div class='entry-content-wrapper clearfix standard-content'><header class=\"entry-content-header\"><h2 class='post-title entry-title'  itemprop=\"headline\" >\t<a href='https:\/\/www.nadirhastaliklar.org.tr\/eng\/duyurular\/i-ankara-saglik-hukuku-gunleri\/' rel='bookmark' title='Permanent Link: 1<sup>st<\/sup> ANKARA HEALTH LAW DAYS'>1<sup>st<\/sup> ANKARA HEALTH LAW DAYS\t\t\t<span class='post-format-icon minor-meta'><\/span>\t<\/a><\/h2><span class=\"blog-categories minor-meta\"><a href=\"https:\/\/www.nadirhastaliklar.org.tr\/eng\/category\/duyurular\/\" rel=\"tag\">Duyurular<\/a> <\/span><span class=\"av-vertical-delimiter\"><\/span><div class=\"entry-content\"  itemprop=\"text\" ><p><strong>1<sup>st<\/sup>\u00a0Ankara Health Law Days<\/strong><strong> &#8211; <\/strong><strong>20 June 2018<\/strong><br \/>\nAnkara Oncology Training and Research Hospital, Ankara<\/p>\n<p>On 20 June 2018 at Ankara Oncology Training and Research Hospital under the leadership of our association 1st Health Law Days event was organized. In our event, which was realized with the participation of many physicians and people of law from abroad, the presentations made by experts in the field were followed up on current topics such as clinical drug research and legal responsibility, criminal responsibilities of physicians, and patient rights regulation. In this context, experts working in the fields of health and law came together and exchanged views.<\/p>\n<\/div><span class='post-meta-infos'><time class='date-container minor-meta updated' >May 18, 2018<\/time><span class='text-sep text-sep-date'>\/<\/span><span class=\"blog-author minor-meta\">by <span class=\"entry-author-link\" ><span class=\"vcard author\"><span class=\"fn\"><a href=\"https:\/\/www.nadirhastaliklar.org.tr\/eng\/author\/hakki\/\" title=\"Posts by hakki\" rel=\"author\">hakki<\/a><\/span><\/span><\/span><\/span><\/span><\/header><footer class=\"entry-footer\"><\/footer><div class='post_delimiter'><\/div><\/div><div class='post_author_timeline'><\/div><span class='hidden'>\n\t\t\t<span class='av-structured-data'  itemscope=\"itemscope\" itemtype=\"https:\/\/schema.org\/ImageObject\"  itemprop='image'>\n\t\t\t\t\t   <span itemprop='url' >https:\/\/www.nadirhastaliklar.org.tr\/eng\/wp-content\/uploads\/2018\/05\/health_law_reporter_banner.jpg<\/span>\n\t\t\t\t\t   <span itemprop='height' >369<\/span>\n\t\t\t\t\t   <span itemprop='width' >1200<\/span>\n\t\t\t\t  <\/span><span class='av-structured-data'  itemprop=\"publisher\" itemtype=\"https:\/\/schema.org\/Organization\" itemscope=\"itemscope\" >\n\t\t\t\t<span itemprop='name'>hakki<\/span>\n\t\t\t\t<span itemprop='logo' itemscope itemtype='http:\/\/schema.org\/ImageObject'>\n\t\t\t\t   <span itemprop='url'>http:\/\/www.nadirhastaliklar.org.tr\/eng\/wp-content\/uploads\/2018\/12\/Hematolojik-Nadir-Hastal\u0131klar-Derneg\u0306i-Logo-ENG.png<\/span>\n\t\t\t\t <\/span>\n\t\t\t  <\/span><span class='av-structured-data'  itemprop=\"author\" itemscope=\"itemscope\" itemtype=\"https:\/\/schema.org\/Person\" ><span itemprop='name'>hakki<\/span><\/span><span class='av-structured-data'  itemprop=\"datePublished\" datetime=\"2018-05-18T08:17:04+03:00\" >2018-05-18 08:17:04<\/span><span class='av-structured-data'  itemprop=\"dateModified\" itemtype=\"https:\/\/schema.org\/dateModified\" >2018-12-21 14:05:52<\/span><span class='av-structured-data'  itemprop=\"mainEntityOfPage\" itemtype=\"https:\/\/schema.org\/mainEntityOfPage\" ><span itemprop='name'>1<sup>st<\/sup> ANKARA HEALTH LAW DAYS<\/span><\/span><\/span><\/article><article class='post-entry post-entry-type-standard post-entry-148 post-loop-2 post-parity-even single-small with-slider post-148 post type-post status-publish format-standard has-post-thumbnail hentry category-duyurular'  itemscope=\"itemscope\" itemtype=\"https:\/\/schema.org\/BlogPosting\" ><div class='blog-meta'><a href='https:\/\/www.nadirhastaliklar.org.tr\/eng\/duyurular\/genel-kurula-cagri\/' class='small-preview' title='1st HEMATOLOGICAL RARE DISEASES CONGRESS'><img width=\"180\" height=\"180\" src=\"https:\/\/www.nadirhastaliklar.org.tr\/eng\/wp-content\/uploads\/2017\/06\/IMG_6351-180x180.jpg\" class=\"attachment-square size-square wp-post-image\" alt=\"\" decoding=\"async\" loading=\"lazy\" srcset=\"https:\/\/www.nadirhastaliklar.org.tr\/eng\/wp-content\/uploads\/2017\/06\/IMG_6351-180x180.jpg 180w, https:\/\/www.nadirhastaliklar.org.tr\/eng\/wp-content\/uploads\/2017\/06\/IMG_6351-80x80.jpg 80w, https:\/\/www.nadirhastaliklar.org.tr\/eng\/wp-content\/uploads\/2017\/06\/IMG_6351-36x36.jpg 36w, https:\/\/www.nadirhastaliklar.org.tr\/eng\/wp-content\/uploads\/2017\/06\/IMG_6351-120x120.jpg 120w\" sizes=\"(max-width: 180px) 100vw, 180px\" \/><span class=\"iconfont\" aria-hidden='true' data-av_icon='\ue836' data-av_iconfont='entypo-fontello'><\/span><\/a><\/div><div class='entry-content-wrapper clearfix standard-content'><header class=\"entry-content-header\"><h2 class='post-title entry-title'  itemprop=\"headline\" >\t<a href='https:\/\/www.nadirhastaliklar.org.tr\/eng\/duyurular\/genel-kurula-cagri\/' rel='bookmark' title='Permanent Link: 1<sup>st<\/sup> HEMATOLOGICAL RARE DISEASES CONGRESS'>1<sup>st<\/sup> HEMATOLOGICAL RARE DISEASES CONGRESS\t\t\t<span class='post-format-icon minor-meta'><\/span>\t<\/a><\/h2><span class=\"blog-categories minor-meta\"><a href=\"https:\/\/www.nadirhastaliklar.org.tr\/eng\/category\/duyurular\/\" rel=\"tag\">Duyurular<\/a> <\/span><span class=\"av-vertical-delimiter\"><\/span><div class=\"entry-content\"  itemprop=\"text\" ><p>As Hematological Rare Diseases Association; We aim to carry out scientific developments in this field in our country in parallel with the world, to increase the quality of health services given in this field and to conduct researches and to support our members in this direction.<\/p>\n<div class=\"read-more-link\"><a href=\"https:\/\/www.nadirhastaliklar.org.tr\/eng\/duyurular\/genel-kurula-cagri\/\" class=\"more-link\">Read more<span class=\"more-link-arrow\"><\/span><\/a><\/div>\n<\/div><span class='post-meta-infos'><time class='date-container minor-meta updated' >June 9, 2017<\/time><span class='text-sep text-sep-date'>\/<\/span><span class='comment-container minor-meta'><a href=\"https:\/\/www.nadirhastaliklar.org.tr\/eng\/duyurular\/genel-kurula-cagri\/#respond\" class=\"comments-link\" >0 Comments<\/a><\/span><span class='text-sep text-sep-comment'>\/<\/span><span class=\"blog-author minor-meta\">by <span class=\"entry-author-link\" ><span class=\"vcard author\"><span class=\"fn\"><a href=\"https:\/\/www.nadirhastaliklar.org.tr\/eng\/author\/hakki\/\" title=\"Posts by hakki\" rel=\"author\">hakki<\/a><\/span><\/span><\/span><\/span><\/span><\/header><footer class=\"entry-footer\"><\/footer><div class='post_delimiter'><\/div><\/div><div class='post_author_timeline'><\/div><span class='hidden'>\n\t\t\t<span class='av-structured-data'  itemscope=\"itemscope\" itemtype=\"https:\/\/schema.org\/ImageObject\"  itemprop='image'>\n\t\t\t\t\t   <span itemprop='url' >https:\/\/www.nadirhastaliklar.org.tr\/eng\/wp-content\/uploads\/2017\/06\/IMG_6351.jpg<\/span>\n\t\t\t\t\t   <span itemprop='height' >312<\/span>\n\t\t\t\t\t   <span itemprop='width' >825<\/span>\n\t\t\t\t  <\/span><span class='av-structured-data'  itemprop=\"publisher\" itemtype=\"https:\/\/schema.org\/Organization\" itemscope=\"itemscope\" >\n\t\t\t\t<span itemprop='name'>hakki<\/span>\n\t\t\t\t<span itemprop='logo' itemscope itemtype='http:\/\/schema.org\/ImageObject'>\n\t\t\t\t   <span itemprop='url'>http:\/\/www.nadirhastaliklar.org.tr\/eng\/wp-content\/uploads\/2018\/12\/Hematolojik-Nadir-Hastal\u0131klar-Derneg\u0306i-Logo-ENG.png<\/span>\n\t\t\t\t <\/span>\n\t\t\t  <\/span><span class='av-structured-data'  itemprop=\"author\" itemscope=\"itemscope\" itemtype=\"https:\/\/schema.org\/Person\" ><span itemprop='name'>hakki<\/span><\/span><span class='av-structured-data'  itemprop=\"datePublished\" datetime=\"2017-06-09T15:52:39+03:00\" >2017-06-09 15:52:39<\/span><span class='av-structured-data'  itemprop=\"dateModified\" itemtype=\"https:\/\/schema.org\/dateModified\" >2018-12-21 13:37:22<\/span><span class='av-structured-data'  itemprop=\"mainEntityOfPage\" itemtype=\"https:\/\/schema.org\/mainEntityOfPage\" ><span itemprop='name'>1<sup>st<\/sup> HEMATOLOGICAL RARE DISEASES CONGRESS<\/span><\/span><\/span><\/article><article class='post-entry post-entry-type-standard post-entry-119 post-loop-3 post-parity-odd single-small with-slider post-119 post type-post status-publish format-standard has-post-thumbnail hentry category-duyurular'  itemscope=\"itemscope\" itemtype=\"https:\/\/schema.org\/BlogPosting\" ><div class='blog-meta'><a href='https:\/\/www.nadirhastaliklar.org.tr\/eng\/duyurular\/ankara-onkoloji-tibbi-istatistik-sempozyumu\/' class='small-preview' title='2nd Medical Statistic Symposium of Ankara Oncology Hospital'><img width=\"180\" height=\"180\" src=\"https:\/\/www.nadirhastaliklar.org.tr\/eng\/wp-content\/uploads\/2017\/04\/medicalstatistics-180x180.jpg\" class=\"attachment-square size-square wp-post-image\" alt=\"\" decoding=\"async\" loading=\"lazy\" srcset=\"https:\/\/www.nadirhastaliklar.org.tr\/eng\/wp-content\/uploads\/2017\/04\/medicalstatistics-180x180.jpg 180w, https:\/\/www.nadirhastaliklar.org.tr\/eng\/wp-content\/uploads\/2017\/04\/medicalstatistics-80x80.jpg 80w, https:\/\/www.nadirhastaliklar.org.tr\/eng\/wp-content\/uploads\/2017\/04\/medicalstatistics-36x36.jpg 36w, https:\/\/www.nadirhastaliklar.org.tr\/eng\/wp-content\/uploads\/2017\/04\/medicalstatistics-120x120.jpg 120w\" sizes=\"(max-width: 180px) 100vw, 180px\" \/><span class=\"iconfont\" aria-hidden='true' data-av_icon='\ue836' data-av_iconfont='entypo-fontello'><\/span><\/a><\/div><div class='entry-content-wrapper clearfix standard-content'><header class=\"entry-content-header\"><h2 class='post-title entry-title'  itemprop=\"headline\" >\t<a href='https:\/\/www.nadirhastaliklar.org.tr\/eng\/duyurular\/ankara-onkoloji-tibbi-istatistik-sempozyumu\/' rel='bookmark' title='Permanent Link: 2<sup>nd<\/sup> Medical Statistic Symposium of Ankara Oncology Hospital'>2<sup>nd<\/sup> Medical Statistic Symposium of Ankara Oncology Hospital\t\t\t<span class='post-format-icon minor-meta'><\/span>\t<\/a><\/h2><span class=\"blog-categories minor-meta\"><a href=\"https:\/\/www.nadirhastaliklar.org.tr\/eng\/category\/duyurular\/\" rel=\"tag\">Duyurular<\/a> <\/span><span class=\"av-vertical-delimiter\"><\/span><div class=\"entry-content\"  itemprop=\"text\" ><p>2<sup>nd<\/sup> Medical Statistic Symposium of Ankara Oncology Hospital is organized in the Ankara Oncology Training and Research Hospital on 13-14 May 2017 in Ankara. In the symposium chaired by Dr. S\u00fchelya \u00dcnver and Dr. Berna \u00d6ks\u00fczo\u011flu, specialist physicians expressed the latest developments in the field of medical statistics during two days.<\/p>\n<div class=\"read-more-link\"><a href=\"https:\/\/www.nadirhastaliklar.org.tr\/eng\/duyurular\/ankara-onkoloji-tibbi-istatistik-sempozyumu\/\" class=\"more-link\">Read more<span class=\"more-link-arrow\"><\/span><\/a><\/div>\n<\/div><span class='post-meta-infos'><time class='date-container minor-meta updated' >April 18, 2017<\/time><span class='text-sep text-sep-date'>\/<\/span><span class=\"blog-author minor-meta\">by <span class=\"entry-author-link\" ><span class=\"vcard author\"><span class=\"fn\"><a href=\"https:\/\/www.nadirhastaliklar.org.tr\/eng\/author\/admin\/\" title=\"Posts by admin\" rel=\"author\">admin<\/a><\/span><\/span><\/span><\/span><\/span><\/header><footer class=\"entry-footer\"><\/footer><div class='post_delimiter'><\/div><\/div><div class='post_author_timeline'><\/div><span class='hidden'>\n\t\t\t<span class='av-structured-data'  itemscope=\"itemscope\" itemtype=\"https:\/\/schema.org\/ImageObject\"  itemprop='image'>\n\t\t\t\t\t   <span itemprop='url' >https:\/\/www.nadirhastaliklar.org.tr\/eng\/wp-content\/uploads\/2017\/04\/medicalstatistics.jpg<\/span>\n\t\t\t\t\t   <span itemprop='height' >198<\/span>\n\t\t\t\t\t   <span itemprop='width' >742<\/span>\n\t\t\t\t  <\/span><span class='av-structured-data'  itemprop=\"publisher\" itemtype=\"https:\/\/schema.org\/Organization\" itemscope=\"itemscope\" >\n\t\t\t\t<span itemprop='name'>admin<\/span>\n\t\t\t\t<span itemprop='logo' itemscope itemtype='http:\/\/schema.org\/ImageObject'>\n\t\t\t\t   <span itemprop='url'>http:\/\/www.nadirhastaliklar.org.tr\/eng\/wp-content\/uploads\/2018\/12\/Hematolojik-Nadir-Hastal\u0131klar-Derneg\u0306i-Logo-ENG.png<\/span>\n\t\t\t\t <\/span>\n\t\t\t  <\/span><span class='av-structured-data'  itemprop=\"author\" itemscope=\"itemscope\" itemtype=\"https:\/\/schema.org\/Person\" ><span itemprop='name'>admin<\/span><\/span><span class='av-structured-data'  itemprop=\"datePublished\" datetime=\"2017-04-18T17:00:16+03:00\" >2017-04-18 17:00:16<\/span><span class='av-structured-data'  itemprop=\"dateModified\" itemtype=\"https:\/\/schema.org\/dateModified\" >2018-12-21 12:05:19<\/span><span class='av-structured-data'  itemprop=\"mainEntityOfPage\" itemtype=\"https:\/\/schema.org\/mainEntityOfPage\" ><span itemprop='name'>2<sup>nd<\/sup> Medical Statistic Symposium of Ankara Oncology Hospital<\/span><\/span><\/span><\/article><article class='post-entry post-entry-type-standard post-entry-56 post-loop-4 post-parity-even post-entry-last single-small with-slider post-56 post type-post status-publish format-standard has-post-thumbnail hentry category-duyurular'  itemscope=\"itemscope\" itemtype=\"https:\/\/schema.org\/BlogPosting\" ><div class='blog-meta'><a href='https:\/\/www.nadirhastaliklar.org.tr\/eng\/duyurular\/3-turkiye-ozbekistan-hematoloji-gunleri-ve-6-ankara-onkoloji-egitim-arastirma-hastanesi-kok-hucre-nakli-sempozyumu\/' class='small-preview' title='3rd Turkey Uzbekistan Hematology Days and 6th Ankara Oncology Training and Research Hospital Stem Cell Transplantation Symposium'><img width=\"180\" height=\"180\" src=\"https:\/\/www.nadirhastaliklar.org.tr\/eng\/wp-content\/uploads\/2017\/04\/kok_hucre_1-180x180.jpg\" class=\"attachment-square size-square wp-post-image\" alt=\"\" decoding=\"async\" loading=\"lazy\" srcset=\"https:\/\/www.nadirhastaliklar.org.tr\/eng\/wp-content\/uploads\/2017\/04\/kok_hucre_1-180x180.jpg 180w, https:\/\/www.nadirhastaliklar.org.tr\/eng\/wp-content\/uploads\/2017\/04\/kok_hucre_1-80x80.jpg 80w, https:\/\/www.nadirhastaliklar.org.tr\/eng\/wp-content\/uploads\/2017\/04\/kok_hucre_1-36x36.jpg 36w, https:\/\/www.nadirhastaliklar.org.tr\/eng\/wp-content\/uploads\/2017\/04\/kok_hucre_1-120x120.jpg 120w\" sizes=\"(max-width: 180px) 100vw, 180px\" \/><span class=\"iconfont\" aria-hidden='true' data-av_icon='\ue836' data-av_iconfont='entypo-fontello'><\/span><\/a><\/div><div class='entry-content-wrapper clearfix standard-content'><header class=\"entry-content-header\"><h2 class='post-title entry-title'  itemprop=\"headline\" >\t<a href='https:\/\/www.nadirhastaliklar.org.tr\/eng\/duyurular\/3-turkiye-ozbekistan-hematoloji-gunleri-ve-6-ankara-onkoloji-egitim-arastirma-hastanesi-kok-hucre-nakli-sempozyumu\/' rel='bookmark' title='Permanent Link: 3<sup>rd<\/sup> Turkey Uzbekistan Hematology Days and 6<sup>th<\/sup> Ankara Oncology Training and Research Hospital Stem Cell Transplantation Symposium'>3<sup>rd<\/sup> Turkey Uzbekistan Hematology Days and 6<sup>th<\/sup> Ankara Oncology Training and Research Hospital Stem Cell Transplantation Symposium\t\t\t<span class='post-format-icon minor-meta'><\/span>\t<\/a><\/h2><span class=\"blog-categories minor-meta\"><a href=\"https:\/\/www.nadirhastaliklar.org.tr\/eng\/category\/duyurular\/\" rel=\"tag\">Duyurular<\/a> <\/span><span class=\"av-vertical-delimiter\"><\/span><div class=\"entry-content\"  itemprop=\"text\" ><p>3rd Turkey Uzbekistan Hematology Days and 6th Ankara Oncology Training and Research Hospital Stem Cell Transplantation Symposium<\/p>\n<div class=\"read-more-link\"><a href=\"https:\/\/www.nadirhastaliklar.org.tr\/eng\/duyurular\/3-turkiye-ozbekistan-hematoloji-gunleri-ve-6-ankara-onkoloji-egitim-arastirma-hastanesi-kok-hucre-nakli-sempozyumu\/\" class=\"more-link\">Read more<span class=\"more-link-arrow\"><\/span><\/a><\/div>\n<\/div><span class='post-meta-infos'><time class='date-container minor-meta updated' >April 9, 2017<\/time><span class='text-sep text-sep-date'>\/<\/span><span class=\"blog-author minor-meta\">by <span class=\"entry-author-link\" ><span class=\"vcard author\"><span class=\"fn\"><a href=\"https:\/\/www.nadirhastaliklar.org.tr\/eng\/author\/admin\/\" title=\"Posts by admin\" rel=\"author\">admin<\/a><\/span><\/span><\/span><\/span><\/span><\/header><footer class=\"entry-footer\"><\/footer><div class='post_delimiter'><\/div><\/div><div class='post_author_timeline'><\/div><span class='hidden'>\n\t\t\t<span class='av-structured-data'  itemscope=\"itemscope\" itemtype=\"https:\/\/schema.org\/ImageObject\"  itemprop='image'>\n\t\t\t\t\t   <span itemprop='url' >https:\/\/www.nadirhastaliklar.org.tr\/eng\/wp-content\/uploads\/2017\/04\/kok_hucre_1.jpg<\/span>\n\t\t\t\t\t   <span itemprop='height' >333<\/span>\n\t\t\t\t\t   <span itemprop='width' >1210<\/span>\n\t\t\t\t  <\/span><span class='av-structured-data'  itemprop=\"publisher\" itemtype=\"https:\/\/schema.org\/Organization\" itemscope=\"itemscope\" >\n\t\t\t\t<span itemprop='name'>admin<\/span>\n\t\t\t\t<span itemprop='logo' itemscope itemtype='http:\/\/schema.org\/ImageObject'>\n\t\t\t\t   <span itemprop='url'>http:\/\/www.nadirhastaliklar.org.tr\/eng\/wp-content\/uploads\/2018\/12\/Hematolojik-Nadir-Hastal\u0131klar-Derneg\u0306i-Logo-ENG.png<\/span>\n\t\t\t\t <\/span>\n\t\t\t  <\/span><span class='av-structured-data'  itemprop=\"author\" itemscope=\"itemscope\" itemtype=\"https:\/\/schema.org\/Person\" ><span itemprop='name'>admin<\/span><\/span><span class='av-structured-data'  itemprop=\"datePublished\" datetime=\"2017-04-09T23:10:00+03:00\" >2017-04-09 23:10:00<\/span><span class='av-structured-data'  itemprop=\"dateModified\" itemtype=\"https:\/\/schema.org\/dateModified\" >2018-12-21 14:03:39<\/span><span class='av-structured-data'  itemprop=\"mainEntityOfPage\" itemtype=\"https:\/\/schema.org\/mainEntityOfPage\" ><span itemprop='name'>3<sup>rd<\/sup> Turkey Uzbekistan Hematology Days and 6<sup>th<\/sup> Ankara Oncology Training and Research Hospital Stem Cell Transplantation Symposium<\/span><\/span><\/span><\/article><div class='single-small'><\/div><\/div>\n","protected":false},"excerpt":{"rendered":"","protected":false},"author":3,"featured_media":0,"parent":0,"menu_order":0,"comment_status":"closed","ping_status":"closed","template":"","meta":[],"_links":{"self":[{"href":"https:\/\/www.nadirhastaliklar.org.tr\/eng\/wp-json\/wp\/v2\/pages\/390"}],"collection":[{"href":"https:\/\/www.nadirhastaliklar.org.tr\/eng\/wp-json\/wp\/v2\/pages"}],"about":[{"href":"https:\/\/www.nadirhastaliklar.org.tr\/eng\/wp-json\/wp\/v2\/types\/page"}],"author":[{"embeddable":true,"href":"https:\/\/www.nadirhastaliklar.org.tr\/eng\/wp-json\/wp\/v2\/users\/3"}],"replies":[{"embeddable":true,"href":"https:\/\/www.nadirhastaliklar.org.tr\/eng\/wp-json\/wp\/v2\/comments?post=390"}],"version-history":[{"count":2,"href":"https:\/\/www.nadirhastaliklar.org.tr\/eng\/wp-json\/wp\/v2\/pages\/390\/revisions"}],"predecessor-version":[{"id":395,"href":"https:\/\/www.nadirhastaliklar.org.tr\/eng\/wp-json\/wp\/v2\/pages\/390\/revisions\/395"}],"wp:attachment":[{"href":"https:\/\/www.nadirhastaliklar.org.tr\/eng\/wp-json\/wp\/v2\/media?parent=390"}],"curies":[{"name":"wp","href":"https:\/\/api.w.org\/{rel}","templated":true}]}}