{"id":36,"date":"2017-04-09T22:28:59","date_gmt":"2017-04-09T19:28:59","guid":{"rendered":"http:\/\/www.nadirhastaliklar.org.tr\/?page_id=36"},"modified":"2018-12-27T22:22:54","modified_gmt":"2018-12-27T19:22:54","slug":"yonetim-kurulumuz","status":"publish","type":"page","link":"https:\/\/www.nadirhastaliklar.org.tr\/eng\/yonetim-kurulumuz\/","title":{"rendered":"Executive Board"},"content":{"rendered":"<div id='layer_slider_1' class='avia-layerslider main_color avia-shadow  container_wrap sidebar_right'    style='height: 245px;' ><\/div>\n<div style='padding-bottom:10px;' class='av-special-heading av-special-heading-h2  blockquote modern-quote modern-centered  '><h2 class='av-special-heading-tag'  itemprop=\"headline\"  >Executive Board<\/h2><div class='special-heading-border'><div class='special-heading-inner-border' ><\/div><\/div><\/div>\n<div class=\"flex_column av_one_full  flex_column_div av-zero-column-padding first  \" style='border-radius:0px; '><p><div class='avia-image-container avia_animated_image avia_animate_when_almost_visible fade-in av-styling- av-hover-grow noHover  av-overlay-on-hover  avia-align-center '  itemscope=\"itemscope\" itemtype=\"https:\/\/schema.org\/ImageObject\"  ><div class='avia-image-container-inner'><div class='av-image-caption-overlay'><div class='av-caption-image-overlay-bg' style='opacity:0.1; background-color:#000000; '><\/div><div class='av-image-caption-overlay-position'><div class='av-image-caption-overlay-center' style='color:#ffffff; '><p>Prof. Dr. Mehmet Ali ERKURT<\/p>\n<\/div><\/div><\/div><img class='avia_image ' src='https:\/\/www.nadirhastaliklar.org.tr\/eng\/wp-content\/uploads\/2018\/08\/mehmet_ali_erkurt-180x180.jpeg' alt='Prof. Dr. Mehmet Ali ERKURT' title='mehmet_ali_erkurt'   itemprop=\"thumbnailUrl\"  \/><\/div><\/div><br \/>\n<section class=\"av_textblock_section\"  itemscope=\"itemscope\" itemtype=\"https:\/\/schema.org\/CreativeWork\" ><div class='avia_textblock '   itemprop=\"text\" ><p style=\"text-align: center;\"><strong>Prof. Dr. Mehmet Ali ERKURT<\/strong><br \/>\nPresident<\/p>\n<\/div><\/section><\/p><\/div>\n<div class=\"flex_column av_one_fourth  flex_column_div av-zero-column-padding first  \" style='border-radius:0px; '><p><div class='avia-image-container avia_animated_image avia_animate_when_almost_visible fade-in av-styling- av-hover-grow noHover  av-overlay-on-hover  avia-align-center '  itemscope=\"itemscope\" itemtype=\"https:\/\/schema.org\/ImageObject\"  ><div class='avia-image-container-inner'><div class='av-image-caption-overlay'><div class='av-caption-image-overlay-bg' style='opacity:0.1; background-color:#000000; '><\/div><div class='av-image-caption-overlay-position'><div class='av-image-caption-overlay-center' style='color:#ffffff; '><p>Prof. Dr. Cengiz DEM\u0130R<\/p>\n<\/div><\/div><\/div><img class='avia_image ' src='https:\/\/www.nadirhastaliklar.org.tr\/eng\/wp-content\/uploads\/2018\/08\/cengiz_demir-1-180x180.jpg' alt='' title='cengiz_demir'   itemprop=\"thumbnailUrl\"  \/><\/div><\/div><br \/>\n<section class=\"av_textblock_section\"  itemscope=\"itemscope\" itemtype=\"https:\/\/schema.org\/CreativeWork\" ><div class='avia_textblock '   itemprop=\"text\" ><p style=\"text-align: center;\"><strong>Prof. Dr. Cengiz DEM\u0130R<\/strong><br \/>\nVise President<\/p>\n<\/div><\/section><\/p><\/div>\n<div class=\"flex_column av_one_fourth  flex_column_div av-zero-column-padding   \" style='border-radius:0px; '><p><div class='avia-image-container avia_animated_image avia_animate_when_almost_visible fade-in av-styling- av-hover-grow noHover  av-overlay-on-hover  avia-align-center '  itemscope=\"itemscope\" itemtype=\"https:\/\/schema.org\/ImageObject\"  ><div class='avia-image-container-inner'><div class='av-image-caption-overlay'><div class='av-caption-image-overlay-bg' style='opacity:0.1; background-color:#000000; '><\/div><div class='av-image-caption-overlay-position'><div class='av-image-caption-overlay-center' style='color:#ffffff; '><p>Do\u00e7. Dr. Mehmet Sinan DAL<\/p>\n<\/div><\/div><\/div><img class='avia_image ' src='https:\/\/www.nadirhastaliklar.org.tr\/eng\/wp-content\/uploads\/2018\/08\/mehmet_sinan_dal-180x180.jpg' alt='' title='mehmet_sinan_dal'   itemprop=\"thumbnailUrl\"  \/><\/div><\/div><br \/>\n<section class=\"av_textblock_section\"  itemscope=\"itemscope\" itemtype=\"https:\/\/schema.org\/CreativeWork\" ><div class='avia_textblock '   itemprop=\"text\" ><p style=\"text-align: center;\"><strong>Assoc. Prof. Dr. Mehmet Sinan DAL<br \/>\n<\/strong>Secretary-General<\/p>\n<\/div><\/section><\/p><\/div>\n<div class=\"flex_column av_one_fourth  flex_column_div av-zero-column-padding   \" style='border-radius:0px; '><p><div class='avia-image-container avia_animated_image avia_animate_when_almost_visible fade-in av-styling- av-hover-grow noHover  av-overlay-on-hover  avia-align-center '  itemscope=\"itemscope\" itemtype=\"https:\/\/schema.org\/ImageObject\"  ><div class='avia-image-container-inner'><div class='av-image-caption-overlay'><div class='av-caption-image-overlay-bg' style='opacity:0.1; background-color:#000000; '><\/div><div class='av-image-caption-overlay-position'><div class='av-image-caption-overlay-center' style='color:#ffffff; '><p>Do\u00e7. Dr. Tuba HACIBEK\u0130RO\u011eLU<\/p>\n<\/div><\/div><\/div><img class='avia_image ' src='https:\/\/www.nadirhastaliklar.org.tr\/eng\/wp-content\/uploads\/2018\/08\/tuba_hacibkiroglu.jpg' alt='' title='tuba_hacibkiroglu'   itemprop=\"thumbnailUrl\"  \/><\/div><\/div><br \/>\n<section class=\"av_textblock_section\"  itemscope=\"itemscope\" itemtype=\"https:\/\/schema.org\/CreativeWork\" ><div class='avia_textblock '   itemprop=\"text\" ><p style=\"text-align: center;\"><strong>Assoc. Prof. Dr. Tuba HACIBEK\u0130RO\u011eLU<br \/>\nResearch Secreteray<br \/>\n<\/strong><\/p>\n<\/div><\/section><\/p><\/div>\n<div class=\"flex_column av_one_fourth  flex_column_div av-zero-column-padding   \" style='border-radius:0px; '><p><div class='avia-image-container avia_animated_image avia_animate_when_almost_visible fade-in av-styling- av-hover-grow noHover  av-overlay-on-hover  avia-align-center '  itemscope=\"itemscope\" itemtype=\"https:\/\/schema.org\/ImageObject\"  ><div class='avia-image-container-inner'><div class='av-image-caption-overlay'><div class='av-caption-image-overlay-bg' style='opacity:0.1; background-color:#000000; '><\/div><div class='av-image-caption-overlay-position'><div class='av-image-caption-overlay-center' style='color:#ffffff; '><p>Do\u00e7. Dr. Abdulkadir BA\u015eT\u00dcRK<\/p>\n<\/div><\/div><\/div><img class='avia_image ' src='https:\/\/www.nadirhastaliklar.org.tr\/eng\/wp-content\/uploads\/2018\/08\/abdulkadir-basturk-180x180.jpg' alt='Prof. Dr. Abdulkadir Ba\u015ft\u00fcrk' title='abdulkadir-basturk'   itemprop=\"thumbnailUrl\"  \/><\/div><\/div><br \/>\n<section class=\"av_textblock_section\"  itemscope=\"itemscope\" itemtype=\"https:\/\/schema.org\/CreativeWork\" ><div class='avia_textblock '   itemprop=\"text\" ><p style=\"text-align: center;\"><strong>Assoc. Prof. Dr. Abdulkadir BA\u015eT\u00dcRK<br \/>\n<\/strong>Association Treasurer<\/p>\n<\/div><\/section><\/p><\/div>\n<div class=\"flex_column av_one_fourth  flex_column_div av-zero-column-padding first  \" style='border-radius:0px; '><p><div class='avia-image-container avia_animated_image avia_animate_when_almost_visible fade-in av-styling- av-hover-grow noHover  av-overlay-on-hover  avia-align-center '  itemscope=\"itemscope\" itemtype=\"https:\/\/schema.org\/ImageObject\"  ><div class='avia-image-container-inner'><div class='av-image-caption-overlay'><div class='av-caption-image-overlay-bg' style='opacity:0.1; background-color:#000000; '><\/div><div class='av-image-caption-overlay-position'><div class='av-image-caption-overlay-center' style='color:#ffffff; '><p>Prof. Dr. \u0130lhami K\u0130K\u0130<\/p>\n<\/div><\/div><\/div><img class='avia_image ' src='https:\/\/www.nadirhastaliklar.org.tr\/eng\/wp-content\/uploads\/2018\/08\/ilhami_kiki.png' alt='' title='ilhami_kiki'   itemprop=\"thumbnailUrl\"  \/><\/div><\/div><br \/>\n<section class=\"av_textblock_section\"  itemscope=\"itemscope\" itemtype=\"https:\/\/schema.org\/CreativeWork\" ><div class='avia_textblock '   itemprop=\"text\" ><p style=\"text-align: center;\"><strong>Prof. Dr. \u0130lhami K\u0130K\u0130<\/strong><br \/>\nMember<\/p>\n<\/div><\/section><\/p><\/div>\n<div class=\"flex_column av_one_fourth  flex_column_div av-zero-column-padding   \" style='border-radius:0px; '><p><div class='avia-image-container avia_animated_image avia_animate_when_almost_visible fade-in av-styling- av-hover-grow noHover  av-overlay-on-hover  avia-align-center '  itemscope=\"itemscope\" itemtype=\"https:\/\/schema.org\/ImageObject\"  ><div class='avia-image-container-inner'><div class='av-image-caption-overlay'><div class='av-caption-image-overlay-bg' style='opacity:0.1; background-color:#000000; '><\/div><div class='av-image-caption-overlay-position'><div class='av-image-caption-overlay-center' style='color:#ffffff; '><p>Do\u00e7. Dr. Serdal KORKMAZ<\/p>\n<\/div><\/div><\/div><img class='avia_image ' src='https:\/\/www.nadirhastaliklar.org.tr\/eng\/wp-content\/uploads\/2018\/08\/serdal_korkmaz-180x180.png' alt='' title='serdal_korkmaz'   itemprop=\"thumbnailUrl\"  \/><\/div><\/div><br \/>\n<section class=\"av_textblock_section\"  itemscope=\"itemscope\" itemtype=\"https:\/\/schema.org\/CreativeWork\" ><div class='avia_textblock '   itemprop=\"text\" ><p style=\"text-align: center;\"><strong>Assoc. Prof. Dr. Serdal KORKMAZ<\/strong><br \/>\nMember<\/p>\n<\/div><\/section><\/p><\/div>\n<div class=\"flex_column av_one_fourth  flex_column_div av-zero-column-padding   \" style='border-radius:0px; '><p><div class='avia-image-container avia_animated_image avia_animate_when_almost_visible fade-in av-styling- av-hover-grow noHover  av-overlay-on-hover  avia-align-center '  itemscope=\"itemscope\" itemtype=\"https:\/\/schema.org\/ImageObject\"  ><div class='avia-image-container-inner'><div class='av-image-caption-overlay'><div class='av-caption-image-overlay-bg' style='opacity:0.1; background-color:#000000; '><\/div><div class='av-image-caption-overlay-position'><div class='av-image-caption-overlay-center' style='color:#ffffff; '><p>Do\u00e7. Dr. Vahap OKAN<\/p>\n<\/div><\/div><\/div><img class='avia_image ' src='https:\/\/www.nadirhastaliklar.org.tr\/eng\/wp-content\/uploads\/2018\/08\/vahap_okan.jpg' alt='' title='vahap_okan'   itemprop=\"thumbnailUrl\"  \/><\/div><\/div><br \/>\n<section class=\"av_textblock_section\"  itemscope=\"itemscope\" itemtype=\"https:\/\/schema.org\/CreativeWork\" ><div class='avia_textblock '   itemprop=\"text\" ><p style=\"text-align: center;\"><strong>Assoc. Prof. Dr. Vahap OKAN<br \/>\n<\/strong>Member<\/p>\n<\/div><\/section><\/p><\/div>\n<div class=\"flex_column av_one_fourth  flex_column_div av-zero-column-padding   \" style='border-radius:0px; '><p><div class='avia-image-container avia_animated_image avia_animate_when_almost_visible fade-in av-styling- av-hover-grow noHover  av-overlay-on-hover  avia-align-center '  itemscope=\"itemscope\" itemtype=\"https:\/\/schema.org\/ImageObject\"  ><div class='avia-image-container-inner'><div class='av-image-caption-overlay'><div class='av-caption-image-overlay-bg' style='opacity:0.1; background-color:#000000; '><\/div><div class='av-image-caption-overlay-position'><div class='av-image-caption-overlay-center' style='color:#ffffff; '><p>Do\u00e7. Dr. Song\u00fcl \u015eerefhano\u011flu<\/p>\n<\/div><\/div><\/div><img class='avia_image ' src='https:\/\/www.nadirhastaliklar.org.tr\/eng\/wp-content\/uploads\/2018\/12\/songul.pdf-180x180.png' alt='' title='songul.pdf'   itemprop=\"thumbnailUrl\"  \/><\/div><\/div><br \/>\n<section class=\"av_textblock_section\"  itemscope=\"itemscope\" itemtype=\"https:\/\/schema.org\/CreativeWork\" ><div class='avia_textblock '   itemprop=\"text\" ><p style=\"text-align: center;\"><strong>Prof. Dr. Song\u00fcl \u015eEREFHANO\u011eLU<br \/>\n<\/strong>Member<\/p>\n<\/div><\/section><\/p><\/div>\n","protected":false},"excerpt":{"rendered":"","protected":false},"author":1,"featured_media":0,"parent":0,"menu_order":0,"comment_status":"closed","ping_status":"closed","template":"","meta":[],"_links":{"self":[{"href":"https:\/\/www.nadirhastaliklar.org.tr\/eng\/wp-json\/wp\/v2\/pages\/36"}],"collection":[{"href":"https:\/\/www.nadirhastaliklar.org.tr\/eng\/wp-json\/wp\/v2\/pages"}],"about":[{"href":"https:\/\/www.nadirhastaliklar.org.tr\/eng\/wp-json\/wp\/v2\/types\/page"}],"author":[{"embeddable":true,"href":"https:\/\/www.nadirhastaliklar.org.tr\/eng\/wp-json\/wp\/v2\/users\/1"}],"replies":[{"embeddable":true,"href":"https:\/\/www.nadirhastaliklar.org.tr\/eng\/wp-json\/wp\/v2\/comments?post=36"}],"version-history":[{"count":25,"href":"https:\/\/www.nadirhastaliklar.org.tr\/eng\/wp-json\/wp\/v2\/pages\/36\/revisions"}],"predecessor-version":[{"id":323,"href":"https:\/\/www.nadirhastaliklar.org.tr\/eng\/wp-json\/wp\/v2\/pages\/36\/revisions\/323"}],"wp:attachment":[{"href":"https:\/\/www.nadirhastaliklar.org.tr\/eng\/wp-json\/wp\/v2\/media?parent=36"}],"curies":[{"name":"wp","href":"https:\/\/api.w.org\/{rel}","templated":true}]}}